{"id":3070,"date":"2021-02-25T08:20:13","date_gmt":"2021-02-25T08:20:13","guid":{"rendered":"https:\/\/www.switchgearcompany.eu\/hybrid-switchgear\/"},"modified":"2024-05-21T12:50:35","modified_gmt":"2024-05-21T12:50:35","slug":"hybride-middenspanningsborden","status":"publish","type":"page","link":"https:\/\/www.switchgearcompany.eu\/nl\/hybride-middenspanningsborden\/","title":{"rendered":"HYBRIDE &#8211; Hybride middenspanningscellen"},"content":{"rendered":"<div class=\"wpb-content-wrapper\"><p>[vc_row row_height_percent=&#8221;0&#8243; override_padding=&#8221;yes&#8221; h_padding=&#8221;2&#8243; top_padding=&#8221;5&#8243; bottom_padding=&#8221;5&#8243; back_color=&#8221;color-gyho&#8221; overlay_alpha=&#8221;50&#8243; equal_height=&#8221;yes&#8221; gutter_size=&#8221;0&#8243; column_width_percent=&#8221;100&#8243; shift_y=&#8221;0&#8243; z_index=&#8221;0&#8243; el_class=&#8221;gradient&#8221; row_name=&#8221;Latest News&#8221;][vc_column column_width_percent=&#8221;100&#8243; position_vertical=&#8221;middle&#8221; gutter_size=&#8221;4&#8243; override_padding=&#8221;yes&#8221; column_padding=&#8221;0&#8243; overlay_alpha=&#8221;50&#8243; shift_x=&#8221;0&#8243; shift_y=&#8221;0&#8243; shift_y_down=&#8221;0&#8243; z_index=&#8221;0&#8243; medium_width=&#8221;0&#8243; mobile_width=&#8221;0&#8243; css_animation=&#8221;alpha-anim&#8221; width=&#8221;1\/1&#8243;][vc_custom_heading]Onze hybride middenspanningscellen[\/vc_custom_heading][uncode_index el_id=&#8221;index-373564085&#8243; isotope_mode=&#8221;fitRows&#8221; loop=&#8221;size:All|order_by:date|order:ASC|post_type:portfolio|tax_query:52|taxonomy_count:10&#8243; screen_lg=&#8221;1000&#8243; screen_md=&#8221;600&#8243; screen_sm=&#8221;480&#8243; gutter_size=&#8221;2&#8243; post_items=&#8221;media|featured|onpost|original,date,title,sep-one|full,extra,icon&#8221; portfolio_items=&#8221;category|yesbg|topleft|hide-icon,media|featured|onpost|original,title,text|excerpt,link|round|default_size|Technical info&#8221; single_back_color=&#8221;color-lxmt&#8221; single_shape=&#8221;round&#8221; single_overlay_color=&#8221;color-wayh&#8221; single_overlay_opacity=&#8221;1&#8243; single_overlay_anim=&#8221;no&#8221; single_text_visible=&#8221;yes&#8221; single_image_anim=&#8221;no&#8221; single_padding=&#8221;2&#8243; single_title_dimension=&#8221;h4&#8243; single_title_weight=&#8221;800&#8243; single_text_lead=&#8221;small&#8221; single_border=&#8221;yes&#8221; single_css_animation=&#8221;right-t-left&#8221; no_double_tap=&#8221;yes&#8221; el_class=&#8221;toestellen&#8221; uncode_shortcode_id=&#8221;143682&#8243;][\/vc_column][\/vc_row][vc_row unlock_row_content=&#8221;yes&#8221; row_height_percent=&#8221;0&#8243; override_padding=&#8221;yes&#8221; h_padding=&#8221;0&#8243; top_padding=&#8221;0&#8243; bottom_padding=&#8221;0&#8243; back_color=&#8221;color-prif&#8221; overlay_alpha=&#8221;50&#8243; equal_height=&#8221;yes&#8221; gutter_size=&#8221;3&#8243; column_width_percent=&#8221;100&#8243; shift_y=&#8221;0&#8243; z_index=&#8221;0&#8243;][vc_column column_width_percent=&#8221;100&#8243; position_horizontal=&#8221;right&#8221; gutter_size=&#8221;2&#8243; override_padding=&#8221;yes&#8221; column_padding=&#8221;0&#8243; style=&#8221;dark&#8221; overlay_alpha=&#8221;50&#8243; shift_x=&#8221;0&#8243; shift_y=&#8221;0&#8243; shift_y_down=&#8221;0&#8243; z_index=&#8221;0&#8243; medium_width=&#8221;0&#8243; mobile_width=&#8221;0&#8243; css_animation=&#8221;bottom-t-top&#8221; animation_delay=&#8221;200&#8243; width=&#8221;1\/2&#8243; el_class=&#8221;limitwidth&#8221;][vc_custom_heading text_color=&#8221;accent&#8221; heading_semantic=&#8221;h6&#8243; text_size=&#8221;h6&#8243; text_transform=&#8221;uppercase&#8221;]Middenspanningscellen[\/vc_custom_heading][vc_row_inner row_inner_height_percent=&#8221;0&#8243; overlay_alpha=&#8221;50&#8243; gutter_size=&#8221;3&#8243; shift_y=&#8221;0&#8243; z_index=&#8221;0&#8243; limit_content=&#8221;&#8221;][vc_column_inner column_width_percent=&#8221;100&#8243; position_vertical=&#8221;bottom&#8221; gutter_size=&#8221;2&#8243; style=&#8221;dark&#8221; overlay_alpha=&#8221;50&#8243; shift_x=&#8221;0&#8243; shift_y=&#8221;0&#8243; shift_y_down=&#8221;0&#8243; z_index=&#8221;0&#8243; medium_width=&#8221;0&#8243; mobile_width=&#8221;0&#8243; width=&#8221;1\/1&#8243;][vc_custom_heading heading_semantic=&#8221;h1&#8243;]Hybride middenspanningscellen[\/vc_custom_heading][vc_column_text]Betrouwbare, veilige en milieuvriendelijke hybride middenspanningsoplossingen op maat van uw behoefte.<\/p>\n<p>Switchgear Company biedt een compleet gamma aan betrouwbare <strong>hybride\u00a0middenspanningsborden <\/strong>voor alle soorten van elektrische distributietoepassingen, tot <strong>24 kV.<\/strong> Perfect voor industri\u00eble, commerci\u00eble, nutsbedrijven, windparken, sportcomplexen, residenti\u00eble gebieden, hotels en meer.[\/vc_column_text][vc_button button_color=&#8221;accent&#8221; size=&#8221;btn-lg&#8221; border_width=&#8221;0&#8243; link=&#8221;url:https%3A%2F%2Fwww.switchgearcompany.eu%2Fcontact%2F|title:Contact&#8221; el_class=&#8221;btnrounded&#8221;]Vraag uw offerte[\/vc_button][\/vc_column_inner][\/vc_row_inner][\/vc_column][vc_column column_width_percent=&#8221;100&#8243; position_horizontal=&#8221;left&#8221; position_vertical=&#8221;middle&#8221; gutter_size=&#8221;0&#8243; override_padding=&#8221;yes&#8221; column_padding=&#8221;0&#8243; expand_height=&#8221;yes&#8221; back_color=&#8221;accent&#8221; overlay_alpha=&#8221;50&#8243; shift_x=&#8221;0&#8243; shift_y=&#8221;0&#8243; shift_y_down=&#8221;0&#8243; z_index=&#8221;0&#8243; medium_width=&#8221;0&#8243; mobile_width=&#8221;0&#8243; width=&#8221;1\/2&#8243; el_class=&#8221;limitwidth middle-in-blue&#8221;][vc_column_text]Hybride schakelaars combineren de voordelen van de traditionele luchtge\u00efsoleerde\u00a0 en SF-6 gasge\u00efsoleerde middenspanningscellen. Dit type is milieuvriendelijker omdat een minimale hoeveelheid SF6 wordt gebruikt. SF6 wordt alleen gebruikt in de lastscheidingsschakelaar (LSS).[\/vc_column_text][vc_empty_space empty_h=&#8221;2&#8243;][vc_custom_heading]Voordelen voor u[\/vc_custom_heading][vc_empty_space empty_h=&#8221;2&#8243;][uncode_list icon=&#8221;fa fa-bolt&#8221;]<\/p>\n<ul>\n<li><strong>Veiligheid van de operator\u00a0<\/strong><\/li>\n<li><strong>Betrouwbaar en gebruiksvriendelijk<\/strong><\/li>\n<li><b>Duurzaam en milieuvriendelijk<\/b><\/li>\n<li><strong>Modulair concept en op maat\u00a0<\/strong><\/li>\n<\/ul>\n<p>[\/uncode_list][\/vc_column][\/vc_row][vc_row row_height_percent=&#8221;0&#8243; override_padding=&#8221;yes&#8221; h_padding=&#8221;2&#8243; top_padding=&#8221;3&#8243; bottom_padding=&#8221;3&#8243; back_image=&#8221;1896&#8243; overlay_alpha=&#8221;50&#8243; gutter_size=&#8221;3&#8243; column_width_percent=&#8221;100&#8243; shift_y=&#8221;0&#8243; z_index=&#8221;0&#8243; row_height_pixel=&#8221;300&#8243;][vc_column column_width_percent=&#8221;100&#8243; position_vertical=&#8221;middle&#8221; align_horizontal=&#8221;align_center&#8221; gutter_size=&#8221;3&#8243; override_padding=&#8221;yes&#8221; column_padding=&#8221;3&#8243; overlay_alpha=&#8221;50&#8243; shift_x=&#8221;0&#8243; shift_y=&#8221;0&#8243; shift_y_down=&#8221;0&#8243; z_index=&#8221;0&#8243; medium_width=&#8221;0&#8243; mobile_width=&#8221;0&#8243; width=&#8221;1\/1&#8243;][\/vc_column][\/vc_row][vc_row row_height_percent=&#8221;0&#8243; override_padding=&#8221;yes&#8221; h_padding=&#8221;2&#8243; top_padding=&#8221;4&#8243; bottom_padding=&#8221;4&#8243; back_color=&#8221;color-prif&#8221; overlay_alpha=&#8221;50&#8243; equal_height=&#8221;yes&#8221; gutter_size=&#8221;2&#8243; column_width_percent=&#8221;100&#8243; shift_y=&#8221;0&#8243; z_index=&#8221;0&#8243; el_class=&#8221;inverted-device-order&#8221;][vc_column column_width_percent=&#8221;100&#8243; position_vertical=&#8221;middle&#8221; gutter_size=&#8221;3&#8243; style=&#8221;dark&#8221; overlay_alpha=&#8221;50&#8243; shift_x=&#8221;0&#8243; shift_y=&#8221;0&#8243; shift_y_down=&#8221;0&#8243; z_index=&#8221;0&#8243; medium_width=&#8221;0&#8243; mobile_width=&#8221;0&#8243; width=&#8221;1\/3&#8243; css=&#8221;.vc_custom_1610447481668{padding-top: 20px !important;padding-right: 20px !important;padding-bottom: 20px !important;padding-left: 20px !important;}&#8221;][vc_custom_heading text_size=&#8221;h3&#8243; uncode_shortcode_id=&#8221;245091&#8243;]Oplossingen voor middenspannings-<br \/>\nborden[\/vc_custom_heading][vc_column_text uncode_shortcode_id=&#8221;158132&#8243;]<span style=\"font-weight: 400;\">Switchgear Company is een leverancier van <strong>borden voor middenspanning<\/strong> <strong>(1 \u2013 24 kV)<\/strong> en biedt oplossingen voor allerlei soorten van toepassingen. Van <strong>lucht-ge\u00efsoleerde, gas-ge\u00efsoleerde<\/strong> en <strong>hybride\u00a0middenspanningsborden<\/strong> voor primaire en secundaire distributie. <strong>Gebruiksvriendelijkheid, veiligheid en zorg voor het milieu<\/strong> zijn de belangrijkste drijfveren voor de ontwikkeling van de schakelinstallaties van SGC.<\/span>[\/vc_column_text][vc_single_image media=&#8221;235&#8243; media_width_percent=&#8221;60&#8243; alignment=&#8221;right&#8221;][vc_empty_space empty_h=&#8221;0&#8243;][\/vc_column][vc_column column_width_percent=&#8221;100&#8243; gutter_size=&#8221;1&#8243; style=&#8221;dark&#8221; overlay_alpha=&#8221;50&#8243; border_color=&#8221;color-wvjs&#8221; border_style=&#8221;solid&#8221; shift_x=&#8221;0&#8243; shift_y=&#8221;0&#8243; shift_y_down=&#8221;0&#8243; z_index=&#8221;0&#8243; medium_width=&#8221;0&#8243; mobile_width=&#8221;0&#8243; width=&#8221;1\/3&#8243; css=&#8221;.vc_custom_1610447315651{border-top-width: 1px !important;border-right-width: 1px !important;border-bottom-width: 1px !important;border-left-width: 1px !important;padding-top: 20px !important;padding-right: 20px !important;padding-bottom: 20px !important;padding-left: 20px !important;}&#8221; el_class=&#8221;roundedcorners&#8221;][vc_custom_heading text_weight=&#8221;700&#8243; el_class=&#8221;underline&#8221;]AIS[\/vc_custom_heading][vc_custom_heading heading_semantic=&#8221;h3&#8243; text_size=&#8221;h4&#8243;]Lucht ge\u00efsoleerde middenspanningscellen[\/vc_custom_heading][vc_empty_space empty_h=&#8221;2&#8243;][vc_single_image media=&#8221;439&#8243; media_width_percent=&#8221;90&#8243; alignment=&#8221;center&#8221;][vc_empty_space empty_h=&#8221;0&#8243;][vc_column_text]<\/p>\n<ul class=\"options\">\n<li>Altijd uit te breiden<\/li>\n<li>Minimale hoeveelheid SF6 (LSS)<\/li>\n<li>gecompartimenteerd<\/li>\n<li>uitrijdbare vemogenschakleaar<\/li>\n<li>Up to 24 kV<\/li>\n<\/ul>\n<p>[\/vc_column_text][vc_empty_space empty_h=&#8221;0&#8243;][vc_row_inner row_inner_height_percent=&#8221;0&#8243; overlay_alpha=&#8221;50&#8243; gutter_size=&#8221;3&#8243; shift_y=&#8221;0&#8243; z_index=&#8221;0&#8243; el_class=&#8221;atbottom&#8221; limit_content=&#8221;&#8221;][vc_column_inner column_width_percent=&#8221;100&#8243; position_vertical=&#8221;middle&#8221; gutter_size=&#8221;3&#8243; overlay_alpha=&#8221;50&#8243; shift_x=&#8221;0&#8243; shift_y=&#8221;0&#8243; shift_y_down=&#8221;0&#8243; z_index=&#8221;0&#8243; medium_width=&#8221;0&#8243; mobile_width=&#8221;0&#8243; width=&#8221;2\/3&#8243;][vc_button button_color=&#8221;accent&#8221; size=&#8221;btn-lg&#8221; radius=&#8221;btn-default-shape&#8221; border_width=&#8221;0&#8243; link=&#8221;url:https%3A%2F%2Fwww.switchgearcompany.eu%2Fnl%2Fluchtgeisoleerdemiddenspanningsborden%2F|title:SIS%20%E2%80%93%20Solid%20insulated%20switchgear&#8221;]Ontdek AIS[\/vc_button][\/vc_column_inner][vc_column_inner column_width_percent=&#8221;100&#8243; position_horizontal=&#8221;left&#8221; position_vertical=&#8221;middle&#8221; gutter_size=&#8221;3&#8243; overlay_alpha=&#8221;50&#8243; shift_x=&#8221;0&#8243; shift_y=&#8221;0&#8243; shift_y_down=&#8221;0&#8243; z_index=&#8221;0&#8243; medium_width=&#8221;0&#8243; mobile_width=&#8221;0&#8243; width=&#8221;1\/3&#8243;][vc_single_image media=&#8221;253&#8243; media_width_use_pixel=&#8221;yes&#8221; alignment=&#8221;right&#8221; media_width_pixel=&#8221;20&#8243; el_class=&#8221;pijl&#8221;][\/vc_column_inner][\/vc_row_inner][\/vc_column][vc_column column_width_percent=&#8221;100&#8243; gutter_size=&#8221;1&#8243; style=&#8221;dark&#8221; overlay_alpha=&#8221;50&#8243; border_color=&#8221;color-wvjs&#8221; border_style=&#8221;solid&#8221; shift_x=&#8221;0&#8243; shift_y=&#8221;0&#8243; shift_y_down=&#8221;0&#8243; z_index=&#8221;0&#8243; medium_width=&#8221;0&#8243; mobile_width=&#8221;0&#8243; width=&#8221;1\/3&#8243; css=&#8221;.vc_custom_1610447319591{border-top-width: 1px !important;border-right-width: 1px !important;border-bottom-width: 1px !important;border-left-width: 1px !important;padding-top: 20px !important;padding-right: 20px !important;padding-bottom: 20px !important;padding-left: 20px !important;}&#8221; el_class=&#8221;roundedcorners&#8221;][vc_custom_heading text_weight=&#8221;700&#8243; el_class=&#8221;underline&#8221;]GIS[\/vc_custom_heading][vc_custom_heading heading_semantic=&#8221;h3&#8243; text_size=&#8221;h4&#8243;]Gas ge\u00efsoleerde middenspanningscellen[\/vc_custom_heading][vc_empty_space empty_h=&#8221;2&#8243;][vc_single_image media=&#8221;1291&#8243; media_width_percent=&#8221;100&#8243; alignment=&#8221;center&#8221;][vc_empty_space empty_h=&#8221;0&#8243;][vc_column_text]<\/p>\n<ul class=\"options\">\n<li>Ring main unit<\/li>\n<li>Gas ge\u00efsoleerd<\/li>\n<li>Compacte monobloc<\/li>\n<li>Optioneel: zijdelingse uitbreiding<\/li>\n<\/ul>\n<p>[\/vc_column_text][vc_empty_space empty_h=&#8221;0&#8243;][vc_row_inner row_inner_height_percent=&#8221;0&#8243; overlay_alpha=&#8221;50&#8243; gutter_size=&#8221;3&#8243; shift_y=&#8221;0&#8243; z_index=&#8221;0&#8243; el_class=&#8221;atbottom&#8221; limit_content=&#8221;&#8221;][vc_column_inner column_width_percent=&#8221;100&#8243; position_vertical=&#8221;middle&#8221; gutter_size=&#8221;3&#8243; expand_height=&#8221;yes&#8221; overlay_alpha=&#8221;50&#8243; shift_x=&#8221;0&#8243; shift_y=&#8221;0&#8243; shift_y_down=&#8221;0&#8243; z_index=&#8221;0&#8243; medium_width=&#8221;0&#8243; mobile_width=&#8221;0&#8243; width=&#8221;2\/3&#8243;][vc_button button_color=&#8221;accent&#8221; size=&#8221;btn-lg&#8221; radius=&#8221;btn-default-shape&#8221; border_width=&#8221;0&#8243; link=&#8221;url:https%3A%2F%2Fwww.switchgearcompany.eu%2Fnl%2Fgasgeisoleerdemiddenspanningscellen%2F|title:GIS%20%E2%80%93%20Gas%20insulated%20switchgear&#8221;]Ontdek GIS[\/vc_button][\/vc_column_inner][vc_column_inner column_width_percent=&#8221;100&#8243; position_horizontal=&#8221;left&#8221; position_vertical=&#8221;middle&#8221; gutter_size=&#8221;3&#8243; overlay_alpha=&#8221;50&#8243; shift_x=&#8221;0&#8243; shift_y=&#8221;0&#8243; shift_y_down=&#8221;0&#8243; z_index=&#8221;0&#8243; medium_width=&#8221;0&#8243; mobile_width=&#8221;0&#8243; width=&#8221;1\/3&#8243;][vc_single_image media=&#8221;253&#8243; media_width_use_pixel=&#8221;yes&#8221; alignment=&#8221;right&#8221; media_width_pixel=&#8221;20&#8243; el_class=&#8221;pijl&#8221;][\/vc_column_inner][\/vc_row_inner][\/vc_column][\/vc_row][vc_row row_height_percent=&#8221;0&#8243; override_padding=&#8221;yes&#8221; h_padding=&#8221;2&#8243; top_padding=&#8221;3&#8243; bottom_padding=&#8221;3&#8243; overlay_alpha=&#8221;50&#8243; gutter_size=&#8221;3&#8243; column_width_percent=&#8221;100&#8243; shift_y=&#8221;0&#8243; z_index=&#8221;0&#8243; inverted_device_order=&#8221;yes&#8221; auto_height_device=&#8221;yes&#8221;][vc_column column_width_percent=&#8221;100&#8243; position_vertical=&#8221;middle&#8221; align_horizontal=&#8221;align_center&#8221; gutter_size=&#8221;3&#8243; override_padding=&#8221;yes&#8221; column_padding=&#8221;3&#8243; overlay_alpha=&#8221;50&#8243; shift_x=&#8221;0&#8243; shift_y=&#8221;0&#8243; shift_y_down=&#8221;0&#8243; z_index=&#8221;0&#8243; medium_width=&#8221;0&#8243; mobile_width=&#8221;0&#8243; width=&#8221;1\/1&#8243;][vc_custom_heading text_size=&#8221;h3&#8243;]Wij blinken uit in co-engineering van op maat gemaakte oplossingen[\/vc_custom_heading][vc_row_inner limit_content=&#8221;&#8221;][vc_column_inner column_width_percent=&#8221;70&#8243; align_horizontal=&#8221;align_center&#8221; gutter_size=&#8221;3&#8243; overlay_alpha=&#8221;50&#8243; shift_x=&#8221;0&#8243; shift_y=&#8221;0&#8243; shift_y_down=&#8221;0&#8243; z_index=&#8221;0&#8243; medium_width=&#8221;0&#8243; mobile_width=&#8221;0&#8243; width=&#8221;1\/1&#8243;][vc_column_text]Innovatie en zorg voor het milieu zijn de drijvende krachten achter onze producten en ons bedrijf. Veel van onze producten zijn ontwikkeld op basis van co-engineering met klanten, waarbij we oplossingen leveren specifiek op maat van hun behoeften en specificaties.[\/vc_column_text][vc_button button_color=&#8221;accent&#8221; size=&#8221;btn-lg&#8221; border_width=&#8221;0&#8243; link=&#8221;url:https%3A%2F%2Fwww.switchgearcompany.eu%2Fnl%2Fcontact%2F|title:Contact&#8221;]Contacteer onze salesingenieurs[\/vc_button][\/vc_column_inner][\/vc_row_inner][\/vc_column][\/vc_row][vc_row][vc_column width=&#8221;1\/1&#8243;][uncode_block id=&#8221;3811&#8243;][\/vc_column][\/vc_row]<\/p>\n<\/div>","protected":false},"excerpt":{"rendered":"<p>[vc_row row_height_percent=&#8221;0&#8243; override_padding=&#8221;yes&#8221; h_padding=&#8221;2&#8243; top_padding=&#8221;5&#8243; bottom_padding=&#8221;5&#8243; back_color=&#8221;color-gyho&#8221; overlay_alpha=&#8221;50&#8243; equal_height=&#8221;yes&#8221; gutter_size=&#8221;0&#8243; column_width_percent=&#8221;100&#8243; shift_y=&#8221;0&#8243; z_index=&#8221;0&#8243; el_class=&#8221;gradient&#8221; row_name=&#8221;Latest News&#8221;][vc_column column_width_percent=&#8221;100&#8243; position_vertical=&#8221;middle&#8221; gutter_size=&#8221;4&#8243; override_padding=&#8221;yes&#8221; [&hellip;]<\/p>\n","protected":false},"author":3,"featured_media":0,"parent":0,"menu_order":0,"comment_status":"closed","ping_status":"closed","template":"","meta":{"_acf_changed":false,"footnotes":""},"class_list":["post-3070","page","type-page","status-publish","hentry"],"acf":[],"yoast_head":"<!-- This site is optimized with the Yoast SEO plugin v23.6 - https:\/\/yoast.com\/wordpress\/plugins\/seo\/ -->\n<title>Hybride middenspanningsborden I Switchgear Company<\/title>\n<meta name=\"description\" content=\"SGC biedt een compleet gamma aan hybride middenspanningsborden voor alle soorten van elektrische distributietoepassingen, tot 24 kV.\" \/>\n<meta name=\"robots\" content=\"index, follow, max-snippet:-1, max-image-preview:large, max-video-preview:-1\" \/>\n<link rel=\"canonical\" href=\"https:\/\/www.switchgearcompany.eu\/nl\/hybride-middenspanningsborden\/\" \/>\n<meta property=\"og:locale\" content=\"nl_NL\" \/>\n<meta property=\"og:type\" content=\"article\" \/>\n<meta property=\"og:title\" content=\"Hybride middenspanningsborden I Switchgear Company\" \/>\n<meta property=\"og:description\" content=\"SGC biedt een compleet gamma aan hybride middenspanningsborden voor alle soorten van elektrische distributietoepassingen, tot 24 kV.\" \/>\n<meta property=\"og:url\" content=\"https:\/\/www.switchgearcompany.eu\/nl\/hybride-middenspanningsborden\/\" \/>\n<meta property=\"og:site_name\" content=\"Switchgear Company\" \/>\n<meta property=\"article:modified_time\" content=\"2024-05-21T12:50:35+00:00\" \/>\n<meta name=\"twitter:card\" content=\"summary_large_image\" \/>\n<meta name=\"twitter:label1\" content=\"Geschatte leestijd\" \/>\n\t<meta name=\"twitter:data1\" content=\"3 minuten\" \/>\n<script type=\"application\/ld+json\" class=\"yoast-schema-graph\">{\"@context\":\"https:\/\/schema.org\",\"@graph\":[{\"@type\":\"WebPage\",\"@id\":\"https:\/\/www.switchgearcompany.eu\/nl\/hybride-middenspanningsborden\/\",\"url\":\"https:\/\/www.switchgearcompany.eu\/nl\/hybride-middenspanningsborden\/\",\"name\":\"Hybride middenspanningsborden I Switchgear Company\",\"isPartOf\":{\"@id\":\"https:\/\/www.switchgearcompany.eu\/nl\/#website\"},\"datePublished\":\"2021-02-25T08:20:13+00:00\",\"dateModified\":\"2024-05-21T12:50:35+00:00\",\"description\":\"SGC biedt een compleet gamma aan hybride middenspanningsborden voor alle soorten van elektrische distributietoepassingen, tot 24 kV.\",\"breadcrumb\":{\"@id\":\"https:\/\/www.switchgearcompany.eu\/nl\/hybride-middenspanningsborden\/#breadcrumb\"},\"inLanguage\":\"nl-NL\",\"potentialAction\":[{\"@type\":\"ReadAction\",\"target\":[\"https:\/\/www.switchgearcompany.eu\/nl\/hybride-middenspanningsborden\/\"]}]},{\"@type\":\"BreadcrumbList\",\"@id\":\"https:\/\/www.switchgearcompany.eu\/nl\/hybride-middenspanningsborden\/#breadcrumb\",\"itemListElement\":[{\"@type\":\"ListItem\",\"position\":1,\"name\":\"Home\",\"item\":\"https:\/\/www.switchgearcompany.eu\/nl\/\"},{\"@type\":\"ListItem\",\"position\":2,\"name\":\"HYBRIDE - Hybride middenspanningscellen\"}]},{\"@type\":\"WebSite\",\"@id\":\"https:\/\/www.switchgearcompany.eu\/nl\/#website\",\"url\":\"https:\/\/www.switchgearcompany.eu\/nl\/\",\"name\":\"Switchgear Company\",\"description\":\"\",\"potentialAction\":[{\"@type\":\"SearchAction\",\"target\":{\"@type\":\"EntryPoint\",\"urlTemplate\":\"https:\/\/www.switchgearcompany.eu\/nl\/?s={search_term_string}\"},\"query-input\":{\"@type\":\"PropertyValueSpecification\",\"valueRequired\":true,\"valueName\":\"search_term_string\"}}],\"inLanguage\":\"nl-NL\"}]}<\/script>\n<!-- \/ Yoast SEO plugin. -->","yoast_head_json":{"title":"Hybride middenspanningsborden I Switchgear Company","description":"SGC biedt een compleet gamma aan hybride middenspanningsborden voor alle soorten van elektrische distributietoepassingen, tot 24 kV.","robots":{"index":"index","follow":"follow","max-snippet":"max-snippet:-1","max-image-preview":"max-image-preview:large","max-video-preview":"max-video-preview:-1"},"canonical":"https:\/\/www.switchgearcompany.eu\/nl\/hybride-middenspanningsborden\/","og_locale":"nl_NL","og_type":"article","og_title":"Hybride middenspanningsborden I Switchgear Company","og_description":"SGC biedt een compleet gamma aan hybride middenspanningsborden voor alle soorten van elektrische distributietoepassingen, tot 24 kV.","og_url":"https:\/\/www.switchgearcompany.eu\/nl\/hybride-middenspanningsborden\/","og_site_name":"Switchgear Company","article_modified_time":"2024-05-21T12:50:35+00:00","twitter_card":"summary_large_image","twitter_misc":{"Geschatte leestijd":"3 minuten"},"schema":{"@context":"https:\/\/schema.org","@graph":[{"@type":"WebPage","@id":"https:\/\/www.switchgearcompany.eu\/nl\/hybride-middenspanningsborden\/","url":"https:\/\/www.switchgearcompany.eu\/nl\/hybride-middenspanningsborden\/","name":"Hybride middenspanningsborden I Switchgear Company","isPartOf":{"@id":"https:\/\/www.switchgearcompany.eu\/nl\/#website"},"datePublished":"2021-02-25T08:20:13+00:00","dateModified":"2024-05-21T12:50:35+00:00","description":"SGC biedt een compleet gamma aan hybride middenspanningsborden voor alle soorten van elektrische distributietoepassingen, tot 24 kV.","breadcrumb":{"@id":"https:\/\/www.switchgearcompany.eu\/nl\/hybride-middenspanningsborden\/#breadcrumb"},"inLanguage":"nl-NL","potentialAction":[{"@type":"ReadAction","target":["https:\/\/www.switchgearcompany.eu\/nl\/hybride-middenspanningsborden\/"]}]},{"@type":"BreadcrumbList","@id":"https:\/\/www.switchgearcompany.eu\/nl\/hybride-middenspanningsborden\/#breadcrumb","itemListElement":[{"@type":"ListItem","position":1,"name":"Home","item":"https:\/\/www.switchgearcompany.eu\/nl\/"},{"@type":"ListItem","position":2,"name":"HYBRIDE - Hybride middenspanningscellen"}]},{"@type":"WebSite","@id":"https:\/\/www.switchgearcompany.eu\/nl\/#website","url":"https:\/\/www.switchgearcompany.eu\/nl\/","name":"Switchgear Company","description":"","potentialAction":[{"@type":"SearchAction","target":{"@type":"EntryPoint","urlTemplate":"https:\/\/www.switchgearcompany.eu\/nl\/?s={search_term_string}"},"query-input":{"@type":"PropertyValueSpecification","valueRequired":true,"valueName":"search_term_string"}}],"inLanguage":"nl-NL"}]}},"_links":{"self":[{"href":"https:\/\/www.switchgearcompany.eu\/nl\/wp-json\/wp\/v2\/pages\/3070","targetHints":{"allow":["GET"]}}],"collection":[{"href":"https:\/\/www.switchgearcompany.eu\/nl\/wp-json\/wp\/v2\/pages"}],"about":[{"href":"https:\/\/www.switchgearcompany.eu\/nl\/wp-json\/wp\/v2\/types\/page"}],"author":[{"embeddable":true,"href":"https:\/\/www.switchgearcompany.eu\/nl\/wp-json\/wp\/v2\/users\/3"}],"replies":[{"embeddable":true,"href":"https:\/\/www.switchgearcompany.eu\/nl\/wp-json\/wp\/v2\/comments?post=3070"}],"version-history":[{"count":9,"href":"https:\/\/www.switchgearcompany.eu\/nl\/wp-json\/wp\/v2\/pages\/3070\/revisions"}],"predecessor-version":[{"id":18893,"href":"https:\/\/www.switchgearcompany.eu\/nl\/wp-json\/wp\/v2\/pages\/3070\/revisions\/18893"}],"wp:attachment":[{"href":"https:\/\/www.switchgearcompany.eu\/nl\/wp-json\/wp\/v2\/media?parent=3070"}],"curies":[{"name":"wp","href":"https:\/\/api.w.org\/{rel}","templated":true}]}}